{"id":252,"date":"2025-11-21T16:27:30","date_gmt":"2025-11-21T21:27:30","guid":{"rendered":"https:\/\/www.institutofinneyymiller-lima.com\/?page_id=252"},"modified":"2025-11-28T15:34:35","modified_gmt":"2025-11-28T20:34:35","slug":"administracion-de-empresas","status":"publish","type":"page","link":"https:\/\/www.institutofinneyymiller-lima.com\/index.php\/administracion-de-empresas\/","title":{"rendered":"Administraci\u00f3n de Empresas"},"content":{"rendered":"\n<figure class=\"wp-block-image aligncenter size-large is-resized\"><img loading=\"lazy\" decoding=\"async\" width=\"1024\" height=\"652\" src=\"https:\/\/www.institutofinneyymiller-lima.com\/wp-content\/uploads\/2025\/11\/Administracion-de-Empresas-1024x652.jpg\" alt=\"\" class=\"wp-image-353\" style=\"width:466px;height:auto\" srcset=\"https:\/\/www.institutofinneyymiller-lima.com\/wp-content\/uploads\/2025\/11\/Administracion-de-Empresas-1024x652.jpg 1024w, https:\/\/www.institutofinneyymiller-lima.com\/wp-content\/uploads\/2025\/11\/Administracion-de-Empresas-300x191.jpg 300w, https:\/\/www.institutofinneyymiller-lima.com\/wp-content\/uploads\/2025\/11\/Administracion-de-Empresas-768x489.jpg 768w, https:\/\/www.institutofinneyymiller-lima.com\/wp-content\/uploads\/2025\/11\/Administracion-de-Empresas.jpg 1140w\" sizes=\"auto, (max-width: 1024px) 100vw, 1024px\" \/><\/figure>\n\n\n\n<p><p align=\"justify\">La carrera t\u00e9cnica de Administraci\u00f3n de Empresas forma profesionales capaces de planificar, organizar y dirigir procesos dentro de organizaciones p\u00fablicas y privadas. El estudiante desarrolla competencias en gesti\u00f3n administrativa, marketing, recursos humanos, log\u00edstica, negociaci\u00f3n y emprendimiento. A lo largo de la formaci\u00f3n, los alumnos aprenden a tomar decisiones estrat\u00e9gicas, optimizar recursos y contribuir al crecimiento de la empresa. Esta carrera combina teor\u00eda y pr\u00e1ctica para preparar t\u00e9cnicos listos para asumir responsabilidades en el entorno empresarial.<\/p><\/p>\n\n\n\n<p><strong>DURACI\u00d3N:<\/strong> 2 a\u00f1os (6 ciclos de 4 meses)<\/p>\n\n\n\n<p><strong>HORARIOS:<\/strong> Accesibles<\/p>\n\n\n\n<p><strong>MODALIDAD:<\/strong> Virtual \/ Hibrido<\/p>\n\n\n\n<p><strong>T\u00cdTULO:<\/strong> A Nombre de la Naci\u00f3n<\/p>\n\n\n\n<p><strong>PERFIL DEL ALUMNO:<\/strong><\/p>\n\n\n\n<p>El manual uno especializar\u00e1 en \u00e1reas que comprende la configura b\u00e1sica en general de administraci\u00f3n. Integrar la combinaci\u00f3n, de cursos sobre:<\/p>\n\n\n\n<p>&#8211; Gesti\u00f3n general<\/p>\n\n\n\n<p>&#8211; Gesti\u00f3n internacional<\/p>\n\n\n\n<p>&#8211; Relaciones laborales<\/p>\n\n\n\n<p><strong>CAMPO LABORAL:<\/strong><\/p>\n\n\n\n<p>Los que han estudiado esta profesi\u00f3n se puede desempe\u00f1ar en las \u00e1reas:<\/p>\n\n\n\n<p>Recursos humanos &#8211; Direcci\u00f3n de operaciones &#8211; Administrador producci\u00f3n &#8211; Direcci\u00f3n estrat\u00e9gica &#8211; Mercadeo &#8211; Finanzas operativas &#8211; Calidad y negocios<\/p>\n\n\n\n<p><strong>REQUISITOS DE INSCRIPCI\u00d3N<\/strong>:<\/p>\n\n\n\n<ul class=\"wp-block-list\">\n<li>Certificado de estudio secundaria-original<\/li>\n\n\n\n<li>Partida de nacimiento-original<\/li>\n\n\n\n<li>Fotocopia de DNI (ambos lados)<\/li>\n\n\n\n<li>Foto carnet (6) y pasaporte (6)<\/li>\n<\/ul>\n\n\n\n<p><strong>MALLA CURRICULAR<\/strong>:<\/p>\n\n\n\n<figure class=\"wp-block-image aligncenter size-full\"><img loading=\"lazy\" decoding=\"async\" width=\"982\" height=\"669\" src=\"https:\/\/www.institutofinneyymiller-lima.com\/wp-content\/uploads\/2025\/11\/WhatsApp-Image-2025-11-28-at-1.11.30-PM.jpeg\" alt=\"\" class=\"wp-image-738\" srcset=\"https:\/\/www.institutofinneyymiller-lima.com\/wp-content\/uploads\/2025\/11\/WhatsApp-Image-2025-11-28-at-1.11.30-PM.jpeg 982w, https:\/\/www.institutofinneyymiller-lima.com\/wp-content\/uploads\/2025\/11\/WhatsApp-Image-2025-11-28-at-1.11.30-PM-300x204.jpeg 300w, https:\/\/www.institutofinneyymiller-lima.com\/wp-content\/uploads\/2025\/11\/WhatsApp-Image-2025-11-28-at-1.11.30-PM-768x523.jpeg 768w\" sizes=\"auto, (max-width: 982px) 100vw, 982px\" \/><\/figure>\n","protected":false},"excerpt":{"rendered":"<p>La carrera t\u00e9cnica de Administraci\u00f3n de Empresas forma profesionales capaces de planificar, organizar y dirigir procesos dentro de organizaciones p\u00fablicas y privadas. El estudiante desarrolla competencias en gesti\u00f3n administrativa, marketing, recursos humanos, log\u00edstica, negociaci\u00f3n y emprendimiento. A lo largo de la formaci\u00f3n, los alumnos aprenden a tomar decisiones estrat\u00e9gicas, optimizar recursos y contribuir al crecimiento [&hellip;]<\/p>\n","protected":false},"author":1,"featured_media":0,"parent":0,"menu_order":0,"comment_status":"closed","ping_status":"closed","template":"","meta":{"footnotes":""},"class_list":["post-252","page","type-page","status-publish","hentry"],"_links":{"self":[{"href":"https:\/\/www.institutofinneyymiller-lima.com\/index.php\/wp-json\/wp\/v2\/pages\/252","targetHints":{"allow":["GET"]}}],"collection":[{"href":"https:\/\/www.institutofinneyymiller-lima.com\/index.php\/wp-json\/wp\/v2\/pages"}],"about":[{"href":"https:\/\/www.institutofinneyymiller-lima.com\/index.php\/wp-json\/wp\/v2\/types\/page"}],"author":[{"embeddable":true,"href":"https:\/\/www.institutofinneyymiller-lima.com\/index.php\/wp-json\/wp\/v2\/users\/1"}],"replies":[{"embeddable":true,"href":"https:\/\/www.institutofinneyymiller-lima.com\/index.php\/wp-json\/wp\/v2\/comments?post=252"}],"version-history":[{"count":7,"href":"https:\/\/www.institutofinneyymiller-lima.com\/index.php\/wp-json\/wp\/v2\/pages\/252\/revisions"}],"predecessor-version":[{"id":740,"href":"https:\/\/www.institutofinneyymiller-lima.com\/index.php\/wp-json\/wp\/v2\/pages\/252\/revisions\/740"}],"wp:attachment":[{"href":"https:\/\/www.institutofinneyymiller-lima.com\/index.php\/wp-json\/wp\/v2\/media?parent=252"}],"curies":[{"name":"wp","href":"https:\/\/api.w.org\/{rel}","templated":true}]}}