{"id":255,"date":"2025-11-21T16:28:41","date_gmt":"2025-11-21T21:28:41","guid":{"rendered":"https:\/\/www.institutofinneyymiller-lima.com\/?page_id=255"},"modified":"2025-11-28T15:31:13","modified_gmt":"2025-11-28T20:31:13","slug":"contabilidad","status":"publish","type":"page","link":"https:\/\/www.institutofinneyymiller-lima.com\/index.php\/contabilidad\/","title":{"rendered":"Contabilidad"},"content":{"rendered":"\n<figure class=\"wp-block-image aligncenter size-full is-resized\"><img loading=\"lazy\" decoding=\"async\" width=\"1024\" height=\"603\" src=\"https:\/\/www.institutofinneyymiller-lima.com\/wp-content\/uploads\/2025\/11\/62d6dbae1011cb7031e447f6_contabilidad-basica-1024x603-1.jpeg\" alt=\"\" class=\"wp-image-364\" style=\"width:508px;height:auto\" srcset=\"https:\/\/www.institutofinneyymiller-lima.com\/wp-content\/uploads\/2025\/11\/62d6dbae1011cb7031e447f6_contabilidad-basica-1024x603-1.jpeg 1024w, https:\/\/www.institutofinneyymiller-lima.com\/wp-content\/uploads\/2025\/11\/62d6dbae1011cb7031e447f6_contabilidad-basica-1024x603-1-300x177.jpeg 300w, https:\/\/www.institutofinneyymiller-lima.com\/wp-content\/uploads\/2025\/11\/62d6dbae1011cb7031e447f6_contabilidad-basica-1024x603-1-768x452.jpeg 768w\" sizes=\"auto, (max-width: 1024px) 100vw, 1024px\" \/><\/figure>\n\n\n\n<p><p align=\"justify\">La carrera t\u00e9cnica de Contabilidad brinda una formaci\u00f3n s\u00f3lida en el registro, organizaci\u00f3n y an\u00e1lisis de la informaci\u00f3n financiera de las empresas. El estudiante se capacita en contabilidad general, costos, tributaci\u00f3n, auditor\u00eda, finanzas y manejo de software contable. Esta formaci\u00f3n permite comprender el funcionamiento econ\u00f3mico de las organizaciones y garantizar el cumplimiento de obligaciones tributarias. El t\u00e9cnico en contabilidad es fundamental para la correcta toma de decisiones financieras en negocios de todos los tama\u00f1os.<\/p><\/p>\n\n\n\n<p><strong>DURACI\u00d3N:<\/strong> 2 a\u00f1os (6 ciclos de 4 meses)<\/p>\n\n\n\n<p><strong>HORARIOS:<\/strong> Accesibles<\/p>\n\n\n\n<p><strong>MODALIDAD<\/strong><strong>:<\/strong> Virtual \/ Hibrido<\/p>\n\n\n\n<p><strong>T\u00cdTULO:<\/strong> A Nombre de la Naci\u00f3n<\/p>\n\n\n\n<p><strong>PERFIL DEL ALUMNO<\/strong>:<\/p>\n\n\n\n<p>El estudiante de la carrera profesional desarrollar\u00e1, los criterios necesarios para:<\/p>\n\n\n\n<ul class=\"wp-block-list\">\n<li>Registrar e interpretar informaci\u00f3n contable y financiero.<\/li>\n\n\n\n<li>Desarrollar\u00e1 la actividad de gesti\u00f3n con responsabilidad<\/li>\n\n\n\n<li>Sumar\u00e1 nuevas oportunidades de negocios<\/li>\n\n\n\n<li>Crecer\u00e1 como persona \u00edntegra potenciando sus valores \u00e9ticos.<\/li>\n<\/ul>\n\n\n\n<p><strong>CAMPO LABORAL<\/strong>:<\/p>\n\n\n\n<p>El egresado puede desempe\u00f1arse en los siguientes campos:<\/p>\n\n\n\n<ul class=\"wp-block-list\">\n<li>Dise\u00f1a, gestiona el ejecuta las estrategias econ\u00f3micas y financieras de una empresa.<\/li>\n\n\n\n<li>Interpreta la informaci\u00f3n contable para el planeamiento, el control de la toma de decisiones.<\/li>\n\n\n\n<li>Forma parte de las decisiones generales con la base en interpretaci\u00f3n contable y financiera.<\/li>\n\n\n\n<li>Administra e identifica los riesgos financieros de la por organizaci\u00f3n.<\/li>\n<\/ul>\n\n\n\n<p><strong>REQUISITOS DE INSCRIPCI\u00d3N<\/strong>:<\/p>\n\n\n\n<ul class=\"wp-block-list\">\n<li>Certificado de estudio secundaria-original<\/li>\n\n\n\n<li>Partida de nacimiento-original<\/li>\n\n\n\n<li>Fotocopia de DNI (ambos lados)<\/li>\n\n\n\n<li>Foto carnet (6) y pasaporte (6)<\/li>\n<\/ul>\n\n\n\n<p><strong>MALLA CURRICULAR<\/strong>:<\/p>\n\n\n\n<figure class=\"wp-block-image size-full\"><img loading=\"lazy\" decoding=\"async\" width=\"861\" height=\"402\" src=\"https:\/\/www.institutofinneyymiller-lima.com\/wp-content\/uploads\/2025\/11\/WhatsApp-Image-2025-11-28-at-1.06.15-PM.jpeg\" alt=\"\" class=\"wp-image-732\" srcset=\"https:\/\/www.institutofinneyymiller-lima.com\/wp-content\/uploads\/2025\/11\/WhatsApp-Image-2025-11-28-at-1.06.15-PM.jpeg 861w, https:\/\/www.institutofinneyymiller-lima.com\/wp-content\/uploads\/2025\/11\/WhatsApp-Image-2025-11-28-at-1.06.15-PM-300x140.jpeg 300w, https:\/\/www.institutofinneyymiller-lima.com\/wp-content\/uploads\/2025\/11\/WhatsApp-Image-2025-11-28-at-1.06.15-PM-768x359.jpeg 768w\" sizes=\"auto, (max-width: 861px) 100vw, 861px\" \/><\/figure>\n","protected":false},"excerpt":{"rendered":"<p>La carrera t\u00e9cnica de Contabilidad brinda una formaci\u00f3n s\u00f3lida en el registro, organizaci\u00f3n y an\u00e1lisis de la informaci\u00f3n financiera de las empresas. El estudiante se capacita en contabilidad general, costos, tributaci\u00f3n, auditor\u00eda, finanzas y manejo de software contable. Esta formaci\u00f3n permite comprender el funcionamiento econ\u00f3mico de las organizaciones y garantizar el cumplimiento de obligaciones tributarias. [&hellip;]<\/p>\n","protected":false},"author":1,"featured_media":0,"parent":0,"menu_order":0,"comment_status":"closed","ping_status":"closed","template":"","meta":{"footnotes":""},"class_list":["post-255","page","type-page","status-publish","hentry"],"_links":{"self":[{"href":"https:\/\/www.institutofinneyymiller-lima.com\/index.php\/wp-json\/wp\/v2\/pages\/255","targetHints":{"allow":["GET"]}}],"collection":[{"href":"https:\/\/www.institutofinneyymiller-lima.com\/index.php\/wp-json\/wp\/v2\/pages"}],"about":[{"href":"https:\/\/www.institutofinneyymiller-lima.com\/index.php\/wp-json\/wp\/v2\/types\/page"}],"author":[{"embeddable":true,"href":"https:\/\/www.institutofinneyymiller-lima.com\/index.php\/wp-json\/wp\/v2\/users\/1"}],"replies":[{"embeddable":true,"href":"https:\/\/www.institutofinneyymiller-lima.com\/index.php\/wp-json\/wp\/v2\/comments?post=255"}],"version-history":[{"count":4,"href":"https:\/\/www.institutofinneyymiller-lima.com\/index.php\/wp-json\/wp\/v2\/pages\/255\/revisions"}],"predecessor-version":[{"id":733,"href":"https:\/\/www.institutofinneyymiller-lima.com\/index.php\/wp-json\/wp\/v2\/pages\/255\/revisions\/733"}],"wp:attachment":[{"href":"https:\/\/www.institutofinneyymiller-lima.com\/index.php\/wp-json\/wp\/v2\/media?parent=255"}],"curies":[{"name":"wp","href":"https:\/\/api.w.org\/{rel}","templated":true}]}}