{"id":259,"date":"2025-11-21T16:30:22","date_gmt":"2025-11-21T21:30:22","guid":{"rendered":"https:\/\/www.institutofinneyymiller-lima.com\/?page_id=259"},"modified":"2025-11-28T15:34:51","modified_gmt":"2025-11-28T20:34:51","slug":"computacion-e-informatica","status":"publish","type":"page","link":"https:\/\/www.institutofinneyymiller-lima.com\/index.php\/computacion-e-informatica\/","title":{"rendered":"Computaci\u00f3n e Inform\u00e1tica"},"content":{"rendered":"\n<figure class=\"wp-block-image aligncenter size-large is-resized\"><img loading=\"lazy\" decoding=\"async\" width=\"1024\" height=\"576\" src=\"https:\/\/www.institutofinneyymiller-lima.com\/wp-content\/uploads\/2025\/11\/Ingenieria-en-Computacion-e-Informatica-1024x576.webp\" alt=\"\" class=\"wp-image-359\" style=\"width:514px;height:auto\" srcset=\"https:\/\/www.institutofinneyymiller-lima.com\/wp-content\/uploads\/2025\/11\/Ingenieria-en-Computacion-e-Informatica-1024x576.webp 1024w, https:\/\/www.institutofinneyymiller-lima.com\/wp-content\/uploads\/2025\/11\/Ingenieria-en-Computacion-e-Informatica-300x169.webp 300w, https:\/\/www.institutofinneyymiller-lima.com\/wp-content\/uploads\/2025\/11\/Ingenieria-en-Computacion-e-Informatica-768x432.webp 768w, https:\/\/www.institutofinneyymiller-lima.com\/wp-content\/uploads\/2025\/11\/Ingenieria-en-Computacion-e-Informatica.webp 1500w\" sizes=\"auto, (max-width: 1024px) 100vw, 1024px\" \/><\/figure>\n\n\n\n<p><p align=\"justify\">La carrera t\u00e9cnica de Computaci\u00f3n e Inform\u00e1tica prepara profesionales capaces de manejar tecnolog\u00edas modernas, desarrollar software, administrar redes, implementar soluciones inform\u00e1ticas y brindar soporte t\u00e9cnico. Los estudiantes adquieren habilidades en programaci\u00f3n, bases de datos, hardware, sistemas operativos y herramientas digitales actuales. Es una carrera orientada a la pr\u00e1ctica, que responde a la alta demanda del sector tecnol\u00f3gico y permite trabajar en empresas de diversos rubros, as\u00ed como emprender proyectos tecnol\u00f3gicos propios.<\/p><\/p>\n\n\n\n<p><strong>DURACI\u00d3N:<\/strong> 2 a\u00f1os (6 ciclos de 4 meses)<\/p>\n\n\n\n<p><strong>HORARIOS:<\/strong> Accesibles<\/p>\n\n\n\n<p><strong>MODALIDAD:<\/strong> Virtual \/ Hibrido<\/p>\n\n\n\n<p><strong>T\u00cdTULO:<\/strong> A Nombre de la Naci\u00f3n<\/p>\n\n\n\n<p><strong>PERFIL DEL ALUMNO<\/strong>:<\/p>\n\n\n\n<p>El t\u00e9cnico en computaci\u00f3n e inform\u00e1tica tiene la capacidad de trabajar en equipo, con iniciativa y creatividad, capacidad para analizar y dise\u00f1ar sistemas inform\u00e1ticos, as\u00ed como base de datos. Gestiona el servicio de mantenimiento y operatividad de los recursos software y hardware.<\/p>\n\n\n\n<p><strong>CAMPO LABORAL<\/strong>:<\/p>\n\n\n\n<p>El t\u00e9cnico en computaci\u00f3n inform\u00e1tica podr\u00e1 el desempa\u00f1arse en:<\/p>\n\n\n\n<ul class=\"wp-block-list\">\n<li>Inform\u00e1tica<\/li>\n\n\n\n<li>Tecnolog\u00eda de formaci\u00f3n<\/li>\n\n\n\n<li>Desarrollo de sistemas<\/li>\n\n\n\n<li>Base de datos<\/li>\n<\/ul>\n\n\n\n<p><strong>REQUISITOS DE INSCRIPCI\u00d3N<\/strong>:<\/p>\n\n\n\n<ul class=\"wp-block-list\">\n<li>Certificado de estudio secundaria-original<\/li>\n\n\n\n<li>Partida de nacimiento-original<\/li>\n\n\n\n<li>Fotocopia de DNI (ambos lados)<\/li>\n\n\n\n<li>Foto carnet (6) y pasaporte (6)<\/li>\n<\/ul>\n\n\n\n<p><strong>MALLA CURRICULAR<\/strong>:<\/p>\n\n\n\n<figure class=\"wp-block-image aligncenter size-full\"><img loading=\"lazy\" decoding=\"async\" width=\"975\" height=\"614\" src=\"https:\/\/www.institutofinneyymiller-lima.com\/wp-content\/uploads\/2025\/11\/WhatsApp-Image-2025-11-28-at-1.05.38-PM.jpeg\" alt=\"\" class=\"wp-image-730\" srcset=\"https:\/\/www.institutofinneyymiller-lima.com\/wp-content\/uploads\/2025\/11\/WhatsApp-Image-2025-11-28-at-1.05.38-PM.jpeg 975w, https:\/\/www.institutofinneyymiller-lima.com\/wp-content\/uploads\/2025\/11\/WhatsApp-Image-2025-11-28-at-1.05.38-PM-300x189.jpeg 300w, https:\/\/www.institutofinneyymiller-lima.com\/wp-content\/uploads\/2025\/11\/WhatsApp-Image-2025-11-28-at-1.05.38-PM-768x484.jpeg 768w\" sizes=\"auto, (max-width: 975px) 100vw, 975px\" \/><\/figure>\n","protected":false},"excerpt":{"rendered":"<p>La carrera t\u00e9cnica de Computaci\u00f3n e Inform\u00e1tica prepara profesionales capaces de manejar tecnolog\u00edas modernas, desarrollar software, administrar redes, implementar soluciones inform\u00e1ticas y brindar soporte t\u00e9cnico. Los estudiantes adquieren habilidades en programaci\u00f3n, bases de datos, hardware, sistemas operativos y herramientas digitales actuales. Es una carrera orientada a la pr\u00e1ctica, que responde a la alta demanda del [&hellip;]<\/p>\n","protected":false},"author":1,"featured_media":0,"parent":0,"menu_order":0,"comment_status":"closed","ping_status":"closed","template":"","meta":{"footnotes":""},"class_list":["post-259","page","type-page","status-publish","hentry"],"_links":{"self":[{"href":"https:\/\/www.institutofinneyymiller-lima.com\/index.php\/wp-json\/wp\/v2\/pages\/259","targetHints":{"allow":["GET"]}}],"collection":[{"href":"https:\/\/www.institutofinneyymiller-lima.com\/index.php\/wp-json\/wp\/v2\/pages"}],"about":[{"href":"https:\/\/www.institutofinneyymiller-lima.com\/index.php\/wp-json\/wp\/v2\/types\/page"}],"author":[{"embeddable":true,"href":"https:\/\/www.institutofinneyymiller-lima.com\/index.php\/wp-json\/wp\/v2\/users\/1"}],"replies":[{"embeddable":true,"href":"https:\/\/www.institutofinneyymiller-lima.com\/index.php\/wp-json\/wp\/v2\/comments?post=259"}],"version-history":[{"count":6,"href":"https:\/\/www.institutofinneyymiller-lima.com\/index.php\/wp-json\/wp\/v2\/pages\/259\/revisions"}],"predecessor-version":[{"id":741,"href":"https:\/\/www.institutofinneyymiller-lima.com\/index.php\/wp-json\/wp\/v2\/pages\/259\/revisions\/741"}],"wp:attachment":[{"href":"https:\/\/www.institutofinneyymiller-lima.com\/index.php\/wp-json\/wp\/v2\/media?parent=259"}],"curies":[{"name":"wp","href":"https:\/\/api.w.org\/{rel}","templated":true}]}}