{"id":266,"date":"2025-11-21T16:35:43","date_gmt":"2025-11-21T21:35:43","guid":{"rendered":"https:\/\/www.institutofinneyymiller-lima.com\/?page_id=266"},"modified":"2025-11-21T16:45:39","modified_gmt":"2025-11-21T21:45:39","slug":"vision","status":"publish","type":"page","link":"https:\/\/www.institutofinneyymiller-lima.com\/index.php\/vision\/","title":{"rendered":"Visi\u00f3n"},"content":{"rendered":"\n<p>Para el a\u00f1o 2030, seremos un instituto tecnol\u00f3gico l\u00edder en la formaci\u00f3n profesional t\u00e9cnica del Per\u00fa, reconocido por su calidad educativa, su vinculaci\u00f3n con el sector productivo y su compromiso con la investigaci\u00f3n aplicada, la sostenibilidad y el desarrollo<br>humano integral.<\/p>\n\n\n\n<figure class=\"wp-block-image aligncenter size-full\"><img loading=\"lazy\" decoding=\"async\" width=\"570\" height=\"372\" src=\"https:\/\/www.institutofinneyymiller-lima.com\/wp-content\/uploads\/2025\/11\/vision.jpg\" alt=\"\" class=\"wp-image-276\" srcset=\"https:\/\/www.institutofinneyymiller-lima.com\/wp-content\/uploads\/2025\/11\/vision.jpg 570w, https:\/\/www.institutofinneyymiller-lima.com\/wp-content\/uploads\/2025\/11\/vision-300x196.jpg 300w\" sizes=\"auto, (max-width: 570px) 100vw, 570px\" \/><\/figure>\n","protected":false},"excerpt":{"rendered":"<p>Para el a\u00f1o 2030, seremos un instituto tecnol\u00f3gico l\u00edder en la formaci\u00f3n profesional t\u00e9cnica del Per\u00fa, reconocido por su calidad educativa, su vinculaci\u00f3n con el sector productivo y su compromiso con la investigaci\u00f3n aplicada, la sostenibilidad y el desarrollohumano integral.<\/p>\n","protected":false},"author":1,"featured_media":0,"parent":0,"menu_order":0,"comment_status":"closed","ping_status":"closed","template":"","meta":{"footnotes":""},"class_list":["post-266","page","type-page","status-publish","hentry"],"_links":{"self":[{"href":"https:\/\/www.institutofinneyymiller-lima.com\/index.php\/wp-json\/wp\/v2\/pages\/266","targetHints":{"allow":["GET"]}}],"collection":[{"href":"https:\/\/www.institutofinneyymiller-lima.com\/index.php\/wp-json\/wp\/v2\/pages"}],"about":[{"href":"https:\/\/www.institutofinneyymiller-lima.com\/index.php\/wp-json\/wp\/v2\/types\/page"}],"author":[{"embeddable":true,"href":"https:\/\/www.institutofinneyymiller-lima.com\/index.php\/wp-json\/wp\/v2\/users\/1"}],"replies":[{"embeddable":true,"href":"https:\/\/www.institutofinneyymiller-lima.com\/index.php\/wp-json\/wp\/v2\/comments?post=266"}],"version-history":[{"count":2,"href":"https:\/\/www.institutofinneyymiller-lima.com\/index.php\/wp-json\/wp\/v2\/pages\/266\/revisions"}],"predecessor-version":[{"id":277,"href":"https:\/\/www.institutofinneyymiller-lima.com\/index.php\/wp-json\/wp\/v2\/pages\/266\/revisions\/277"}],"wp:attachment":[{"href":"https:\/\/www.institutofinneyymiller-lima.com\/index.php\/wp-json\/wp\/v2\/media?parent=266"}],"curies":[{"name":"wp","href":"https:\/\/api.w.org\/{rel}","templated":true}]}}