{"id":278,"date":"2025-11-21T16:46:59","date_gmt":"2025-11-21T21:46:59","guid":{"rendered":"https:\/\/www.institutofinneyymiller-lima.com\/?page_id=278"},"modified":"2025-11-28T15:35:25","modified_gmt":"2025-11-28T20:35:25","slug":"negocios-internacionales","status":"publish","type":"page","link":"https:\/\/www.institutofinneyymiller-lima.com\/index.php\/negocios-internacionales\/","title":{"rendered":"Negocios Internacionales"},"content":{"rendered":"\n<figure class=\"wp-block-image aligncenter size-full is-resized\"><img loading=\"lazy\" decoding=\"async\" width=\"560\" height=\"315\" src=\"https:\/\/www.institutofinneyymiller-lima.com\/wp-content\/uploads\/2025\/11\/negocios_internacionales.jpeg\" alt=\"\" class=\"wp-image-367\" style=\"width:503px;height:auto\" srcset=\"https:\/\/www.institutofinneyymiller-lima.com\/wp-content\/uploads\/2025\/11\/negocios_internacionales.jpeg 560w, https:\/\/www.institutofinneyymiller-lima.com\/wp-content\/uploads\/2025\/11\/negocios_internacionales-300x169.jpeg 300w\" sizes=\"auto, (max-width: 560px) 100vw, 560px\" \/><\/figure>\n\n\n\n<p><p align=\"justify\">La carrera t\u00e9cnica de Negocios Internacionales forma especialistas con conocimientos en comercio exterior, log\u00edstica internacional, gesti\u00f3n aduanera y operaciones de importaci\u00f3n y exportaci\u00f3n. Los estudiantes aprenden sobre normativas, documentaci\u00f3n, transporte internacional, mercados globales y procesos que permiten a una empresa operar en el entorno internacional. Esta formaci\u00f3n prepara profesionales estrat\u00e9gicos capaces de vincular a las organizaciones con nuevas oportunidades en mercados globales, contribuyendo a su competitividad y crecimiento.<\/p><\/p>\n\n\n\n<p><strong>DURACI\u00d3N:<\/strong> 2 a\u00f1os (6 ciclos de 4 meses)<\/p>\n\n\n\n<p><strong>HORARIOS:<\/strong> Accesibles<\/p>\n\n\n\n<p><strong>MODALIDAD:<\/strong> Virtual \/ Hibrido<\/p>\n\n\n\n<p><strong>T\u00cdTULO:<\/strong> A Nombre de la Naci\u00f3n<\/p>\n\n\n\n<p><strong>PERFIL DEL ALUMNO<\/strong>:<\/p>\n\n\n\n<p>El alumno generar\u00e1 la capacidad de administrar informaci\u00f3n del tipo textual y gr\u00e1fica, tendr\u00e1 conocimientos sobre mercados extranjeros, conocer a la forma de realizar comercializaci\u00f3n entre los diferentes pa\u00edses.<\/p>\n\n\n\n<p><strong>CAMPO LABORAL<\/strong>:<\/p>\n\n\n\n<p>Podr\u00e1s desarrollarte como profesional en el sector privado ya sea como:<\/p>\n\n\n\n<ul class=\"wp-block-list\">\n<li>Asesor<\/li>\n\n\n\n<li>Consultor<\/li>\n\n\n\n<li>Marketing internacional<\/li>\n\n\n\n<li>Investigador<\/li>\n\n\n\n<li>Docente universitario<\/li>\n\n\n\n<li>Gesti\u00f3n empresarial<\/li>\n\n\n\n<li>Log\u00edstica<\/li>\n\n\n\n<li>Finanzas internacionales<\/li>\n<\/ul>\n\n\n\n<p><strong>REQUISITOS DE INSCRIPCI\u00d3N<\/strong>:<\/p>\n\n\n\n<ul class=\"wp-block-list\">\n<li>Certificado de estudio secundaria-original<\/li>\n\n\n\n<li>Partida de nacimiento-original<\/li>\n\n\n\n<li>Fotocopia de DNI (ambos lados)<\/li>\n\n\n\n<li>Foto carnet (6) y pasaporte (6)<\/li>\n<\/ul>\n\n\n\n<p><strong>MALLA CURRICULAR<\/strong>:<\/p>\n\n\n\n<figure class=\"wp-block-image aligncenter size-full\"><img loading=\"lazy\" decoding=\"async\" width=\"936\" height=\"603\" src=\"https:\/\/www.institutofinneyymiller-lima.com\/wp-content\/uploads\/2025\/11\/WhatsApp-Image-2025-11-28-at-1.10.44-PM.jpeg\" alt=\"\" class=\"wp-image-736\" srcset=\"https:\/\/www.institutofinneyymiller-lima.com\/wp-content\/uploads\/2025\/11\/WhatsApp-Image-2025-11-28-at-1.10.44-PM.jpeg 936w, https:\/\/www.institutofinneyymiller-lima.com\/wp-content\/uploads\/2025\/11\/WhatsApp-Image-2025-11-28-at-1.10.44-PM-300x193.jpeg 300w, https:\/\/www.institutofinneyymiller-lima.com\/wp-content\/uploads\/2025\/11\/WhatsApp-Image-2025-11-28-at-1.10.44-PM-768x495.jpeg 768w\" sizes=\"auto, (max-width: 936px) 100vw, 936px\" \/><\/figure>\n","protected":false},"excerpt":{"rendered":"<p>La carrera t\u00e9cnica de Negocios Internacionales forma especialistas con conocimientos en comercio exterior, log\u00edstica internacional, gesti\u00f3n aduanera y operaciones de importaci\u00f3n y exportaci\u00f3n. Los estudiantes aprenden sobre normativas, documentaci\u00f3n, transporte internacional, mercados globales y procesos que permiten a una empresa operar en el entorno internacional. Esta formaci\u00f3n prepara profesionales estrat\u00e9gicos capaces de vincular a las [&hellip;]<\/p>\n","protected":false},"author":1,"featured_media":0,"parent":0,"menu_order":0,"comment_status":"closed","ping_status":"closed","template":"","meta":{"footnotes":""},"class_list":["post-278","page","type-page","status-publish","hentry"],"_links":{"self":[{"href":"https:\/\/www.institutofinneyymiller-lima.com\/index.php\/wp-json\/wp\/v2\/pages\/278","targetHints":{"allow":["GET"]}}],"collection":[{"href":"https:\/\/www.institutofinneyymiller-lima.com\/index.php\/wp-json\/wp\/v2\/pages"}],"about":[{"href":"https:\/\/www.institutofinneyymiller-lima.com\/index.php\/wp-json\/wp\/v2\/types\/page"}],"author":[{"embeddable":true,"href":"https:\/\/www.institutofinneyymiller-lima.com\/index.php\/wp-json\/wp\/v2\/users\/1"}],"replies":[{"embeddable":true,"href":"https:\/\/www.institutofinneyymiller-lima.com\/index.php\/wp-json\/wp\/v2\/comments?post=278"}],"version-history":[{"count":7,"href":"https:\/\/www.institutofinneyymiller-lima.com\/index.php\/wp-json\/wp\/v2\/pages\/278\/revisions"}],"predecessor-version":[{"id":743,"href":"https:\/\/www.institutofinneyymiller-lima.com\/index.php\/wp-json\/wp\/v2\/pages\/278\/revisions\/743"}],"wp:attachment":[{"href":"https:\/\/www.institutofinneyymiller-lima.com\/index.php\/wp-json\/wp\/v2\/media?parent=278"}],"curies":[{"name":"wp","href":"https:\/\/api.w.org\/{rel}","templated":true}]}}